{"id":1002777,"date":"2025-11-18T12:02:34","date_gmt":"2025-11-18T12:02:34","guid":{"rendered":"https:\/\/anetti.com.ua\/?post_type=product&#038;p=1002777"},"modified":"2026-04-15T00:19:30","modified_gmt":"2026-04-15T00:19:30","slug":"posciel-poplin-matt-premium-te-2","status":"publish","type":"product","link":"https:\/\/anetti.com.ua\/pl\/produkt\/posciel-poplin-matt-premium-te-2\/","title":{"rendered":"Po\u015bciel z matowej popeliny Premium (ciemnoniebieska w po\u0142\u0105czeniu z mleczn\u0105 lam\u00f3wk\u0105 i szerokimi paskami)"},"content":{"rendered":"<p>- 100% naturalna bawe\u0142na - wolna od zanieczyszcze\u0144, hipoalergiczna i bezpieczna nawet dla wra\u017cliwej sk\u00f3ry.<br \/>\n- Oddycha i reguluje ciep\u0142o - zapewnia ch\u0142\u00f3d latem i komfort zim\u0105.<br \/>\n- Wysoka g\u0119sto\u015b\u0107 - wytrzymuje ponad 300 cykli prania, zachowuj\u0105c bogaty kolor i doskona\u0142\u0105 struktur\u0119.<br \/>\n- Przyjemny w dotyku - pomimo swojej g\u0119sto\u015bci tkanina jest delikatna dla cia\u0142a i staje si\u0119 jeszcze bardziej mi\u0119kka po pierwszym praniu, przypominaj\u0105c gotowan\u0105 bawe\u0142n\u0119.<br \/>\n- Naturalne pi\u0119kno - \u0142atwo si\u0119 marszczy, tworz\u0105c stylowy i zrelaksowany wygl\u0105d \u0142\u00f3\u017cka.<br \/>\n- Nie przyci\u0105ga sier\u015bci zwierz\u0105t<\/p>","protected":false},"excerpt":{"rendered":"<p>Wybierz rodzaj po\u015bcieli, aby zobaczy\u0107 rozmiar.<\/p>","protected":false},"featured_media":1003764,"comment_status":"open","ping_status":"closed","template":"","meta":[],"product_brand":[],"product_cat":[56,161],"product_tag":[],"class_list":{"0":"post-1002777","1":"product","2":"type-product","3":"status-publish","4":"has-post-thumbnail","6":"product_cat-bedclothes","7":"product_cat-161","9":"first","10":"instock","11":"shipping-taxable","12":"purchasable","13":"product-type-variable"},"jetpack_sharing_enabled":true,"_links":{"self":[{"href":"https:\/\/anetti.com.ua\/pl\/wp-json\/wp\/v2\/product\/1002777","targetHints":{"allow":["GET"]}}],"collection":[{"href":"https:\/\/anetti.com.ua\/pl\/wp-json\/wp\/v2\/product"}],"about":[{"href":"https:\/\/anetti.com.ua\/pl\/wp-json\/wp\/v2\/types\/product"}],"replies":[{"embeddable":true,"href":"https:\/\/anetti.com.ua\/pl\/wp-json\/wp\/v2\/comments?post=1002777"}],"wp:featuredmedia":[{"embeddable":true,"href":"https:\/\/anetti.com.ua\/pl\/wp-json\/wp\/v2\/media\/1003764"}],"wp:attachment":[{"href":"https:\/\/anetti.com.ua\/pl\/wp-json\/wp\/v2\/media?parent=1002777"}],"wp:term":[{"taxonomy":"product_brand","embeddable":true,"href":"https:\/\/anetti.com.ua\/pl\/wp-json\/wp\/v2\/product_brand?post=1002777"},{"taxonomy":"product_cat","embeddable":true,"href":"https:\/\/anetti.com.ua\/pl\/wp-json\/wp\/v2\/product_cat?post=1002777"},{"taxonomy":"product_tag","embeddable":true,"href":"https:\/\/anetti.com.ua\/pl\/wp-json\/wp\/v2\/product_tag?post=1002777"}],"curies":[{"name":"wp","href":"https:\/\/api.w.org\/{rel}","templated":true}]}}