{"id":1002472,"date":"2025-11-15T09:27:25","date_gmt":"2025-11-15T09:27:25","guid":{"rendered":"https:\/\/anetti.com.ua\/?post_type=product&#038;p=1002472"},"modified":"2026-04-15T00:28:32","modified_gmt":"2026-04-15T00:28:32","slug":"snieznobialy-odcien-z-2-paskami-jak","status":"publish","type":"product","link":"https:\/\/anetti.com.ua\/pl\/produkt\/snieznobialy-odcien-z-2-paskami-jak\/","title":{"rendered":"Po\u015bciel satynowa Premium (odcie\u0144 \u015bnie\u017cnobia\u0142y)"},"content":{"rendered":"<p>Satin to najwy\u017cszej jako\u015bci turecka tkanina, zawieraj\u0105ca wy\u0142\u0105cznie bawe\u0142n\u0119 100%. Tkanina jest oddychaj\u0105ca, ma doskona\u0142\u0105 termoregulacj\u0119, nie podci\u0105ga si\u0119, nie tworzy tabletek, ma wysok\u0105 g\u0119sto\u015b\u0107 i mo\u017ce wytrzyma\u0107 ponad 300 cykli prania bez utraty jako\u015bci i koloru.<br \/>\nPoddawany jest r\u00f3wnie\u017c procesowi merceryzacji, podczas kt\u00f3rego ka\u017cda ni\u0107 jest polerowana z nadmiaru runa, dzi\u0119ki czemu tkanina w dotyku przypomina jedwab.<\/p>","protected":false},"excerpt":{"rendered":"<p>Wybierz rodzaj po\u015bcieli, aby zobaczy\u0107 rozmiar.<\/p>","protected":false},"featured_media":1002685,"comment_status":"open","ping_status":"closed","template":"","meta":[],"product_brand":[],"product_cat":[56,210],"product_tag":[],"class_list":{"0":"post-1002472","1":"product","2":"type-product","3":"status-publish","4":"has-post-thumbnail","6":"product_cat-bedclothes","7":"product_cat-210","9":"first","10":"instock","11":"shipping-taxable","12":"purchasable","13":"product-type-variable"},"jetpack_sharing_enabled":true,"_links":{"self":[{"href":"https:\/\/anetti.com.ua\/pl\/wp-json\/wp\/v2\/product\/1002472","targetHints":{"allow":["GET"]}}],"collection":[{"href":"https:\/\/anetti.com.ua\/pl\/wp-json\/wp\/v2\/product"}],"about":[{"href":"https:\/\/anetti.com.ua\/pl\/wp-json\/wp\/v2\/types\/product"}],"replies":[{"embeddable":true,"href":"https:\/\/anetti.com.ua\/pl\/wp-json\/wp\/v2\/comments?post=1002472"}],"wp:featuredmedia":[{"embeddable":true,"href":"https:\/\/anetti.com.ua\/pl\/wp-json\/wp\/v2\/media\/1002685"}],"wp:attachment":[{"href":"https:\/\/anetti.com.ua\/pl\/wp-json\/wp\/v2\/media?parent=1002472"}],"wp:term":[{"taxonomy":"product_brand","embeddable":true,"href":"https:\/\/anetti.com.ua\/pl\/wp-json\/wp\/v2\/product_brand?post=1002472"},{"taxonomy":"product_cat","embeddable":true,"href":"https:\/\/anetti.com.ua\/pl\/wp-json\/wp\/v2\/product_cat?post=1002472"},{"taxonomy":"product_tag","embeddable":true,"href":"https:\/\/anetti.com.ua\/pl\/wp-json\/wp\/v2\/product_tag?post=1002472"}],"curies":[{"name":"wp","href":"https:\/\/api.w.org\/{rel}","templated":true}]}}