{"id":1001405,"date":"2025-11-14T13:30:23","date_gmt":"2025-11-14T13:30:23","guid":{"rendered":"https:\/\/anetti.com.ua\/?post_type=product&#038;p=1001405"},"modified":"2026-04-15T00:28:33","modified_gmt":"2026-04-15T00:28:33","slug":"%d0%bf%d0%be%d1%81%d1%82%d1%96%d0%bb%d1%8c-%d1%81%d1%82%d1%80%d0%b0%d0%b9%d0%bf-%d1%81%d0%b0%d1%82%d0%b8%d0%bd-%d0%be%d0%b4%d0%bd%d0%be%d1%82%d0%be%d0%bd%d0%bd%d0%b8%d0%b9-%d0%b2%d1%96%d0%b4%d1%82-11","status":"publish","type":"product","link":"https:\/\/anetti.com.ua\/pl\/produkt\/%d0%bf%d0%be%d1%81%d1%82%d1%96%d0%bb%d1%8c-%d1%81%d1%82%d1%80%d0%b0%d0%b9%d0%bf-%d1%81%d0%b0%d1%82%d0%b8%d0%bd-%d0%be%d0%b4%d0%bd%d0%be%d1%82%d0%be%d0%bd%d0%bd%d0%b8%d0%b9-%d0%b2%d1%96%d0%b4%d1%82-11\/","title":{"rendered":"Po\u015bciel satynowa g\u0142adka w paski (odcie\u0144 z\u0142oty)"},"content":{"rendered":"<p>- 100% bawe\u0142na d\u0142ugow\u0142\u00f3knista<br \/>\n- Wysoka g\u0119sto\u015b\u0107 tkania (nie prze\u015bwituje, nie roluje si\u0119)<br \/>\n- Jedwabista powierzchnia o szlachetnym po\u0142ysku<br \/>\n- Hipoalergiczny i przyjazny dla \u015brodowiska<br \/>\n- Zachowuje kolor i kszta\u0142t po wielu praniach<\/p>\n<p>Satyna ANETTI to po\u0142\u0105czenie estetyki, trwa\u0142o\u015bci i najwy\u017cszego komfortu.<\/p>","protected":false},"excerpt":{"rendered":"<p>Wybierz rodzaj po\u015bcieli, aby zobaczy\u0107 rozmiar.<\/p>","protected":false},"featured_media":1001414,"comment_status":"open","ping_status":"closed","template":"","meta":[],"product_brand":[],"product_cat":[56,163],"product_tag":[],"class_list":{"0":"post-1001405","1":"product","2":"type-product","3":"status-publish","4":"has-post-thumbnail","6":"product_cat-bedclothes","7":"product_cat-163","9":"first","10":"instock","11":"shipping-taxable","12":"purchasable","13":"product-type-variable"},"jetpack_sharing_enabled":true,"_links":{"self":[{"href":"https:\/\/anetti.com.ua\/pl\/wp-json\/wp\/v2\/product\/1001405","targetHints":{"allow":["GET"]}}],"collection":[{"href":"https:\/\/anetti.com.ua\/pl\/wp-json\/wp\/v2\/product"}],"about":[{"href":"https:\/\/anetti.com.ua\/pl\/wp-json\/wp\/v2\/types\/product"}],"replies":[{"embeddable":true,"href":"https:\/\/anetti.com.ua\/pl\/wp-json\/wp\/v2\/comments?post=1001405"}],"wp:featuredmedia":[{"embeddable":true,"href":"https:\/\/anetti.com.ua\/pl\/wp-json\/wp\/v2\/media\/1001414"}],"wp:attachment":[{"href":"https:\/\/anetti.com.ua\/pl\/wp-json\/wp\/v2\/media?parent=1001405"}],"wp:term":[{"taxonomy":"product_brand","embeddable":true,"href":"https:\/\/anetti.com.ua\/pl\/wp-json\/wp\/v2\/product_brand?post=1001405"},{"taxonomy":"product_cat","embeddable":true,"href":"https:\/\/anetti.com.ua\/pl\/wp-json\/wp\/v2\/product_cat?post=1001405"},{"taxonomy":"product_tag","embeddable":true,"href":"https:\/\/anetti.com.ua\/pl\/wp-json\/wp\/v2\/product_tag?post=1001405"}],"curies":[{"name":"wp","href":"https:\/\/api.w.org\/{rel}","templated":true}]}}