{"id":1000446,"date":"2025-11-05T22:42:15","date_gmt":"2025-11-05T22:42:15","guid":{"rendered":"https:\/\/anetti.com.ua\/?post_type=product&#038;p=1000446"},"modified":"2026-04-15T00:28:32","modified_gmt":"2026-04-15T00:28:32","slug":"rozowy-recznik-frotte-80x160-cm","status":"publish","type":"product","link":"https:\/\/anetti.com.ua\/pl\/produkt\/rozowy-recznik-frotte-80x160-cm\/","title":{"rendered":"R\u0119cznik frotte | r\u00f3\u017cowy <br>(80\u00d7160 cm)"},"content":{"rendered":"","protected":false},"excerpt":{"rendered":"","protected":false},"featured_media":1000407,"comment_status":"open","ping_status":"closed","template":"","meta":[],"product_brand":[],"product_cat":[59,110,113],"product_tag":[],"class_list":{"0":"post-1000446","1":"product","2":"type-product","3":"status-publish","4":"has-post-thumbnail","6":"product_cat-towels","7":"product_cat-110","8":"product_cat-80x160","10":"first","11":"instock","12":"sale","13":"shipping-taxable","14":"purchasable","15":"product-type-simple"},"jetpack_sharing_enabled":true,"_links":{"self":[{"href":"https:\/\/anetti.com.ua\/pl\/wp-json\/wp\/v2\/product\/1000446","targetHints":{"allow":["GET"]}}],"collection":[{"href":"https:\/\/anetti.com.ua\/pl\/wp-json\/wp\/v2\/product"}],"about":[{"href":"https:\/\/anetti.com.ua\/pl\/wp-json\/wp\/v2\/types\/product"}],"replies":[{"embeddable":true,"href":"https:\/\/anetti.com.ua\/pl\/wp-json\/wp\/v2\/comments?post=1000446"}],"wp:featuredmedia":[{"embeddable":true,"href":"https:\/\/anetti.com.ua\/pl\/wp-json\/wp\/v2\/media\/1000407"}],"wp:attachment":[{"href":"https:\/\/anetti.com.ua\/pl\/wp-json\/wp\/v2\/media?parent=1000446"}],"wp:term":[{"taxonomy":"product_brand","embeddable":true,"href":"https:\/\/anetti.com.ua\/pl\/wp-json\/wp\/v2\/product_brand?post=1000446"},{"taxonomy":"product_cat","embeddable":true,"href":"https:\/\/anetti.com.ua\/pl\/wp-json\/wp\/v2\/product_cat?post=1000446"},{"taxonomy":"product_tag","embeddable":true,"href":"https:\/\/anetti.com.ua\/pl\/wp-json\/wp\/v2\/product_tag?post=1000446"}],"curies":[{"name":"wp","href":"https:\/\/api.w.org\/{rel}","templated":true}]}}