{"id":1000424,"date":"2025-11-05T21:54:19","date_gmt":"2025-11-05T21:54:19","guid":{"rendered":"https:\/\/anetti.com.ua\/?post_type=product&#038;p=1000424"},"modified":"2026-04-15T00:28:32","modified_gmt":"2026-04-15T00:28:32","slug":"turkusowy-recznik","status":"publish","type":"product","link":"https:\/\/anetti.com.ua\/pl\/produkt\/turkusowy-recznik\/","title":{"rendered":"R\u0119czniki frotte w\u0142asnej produkcji (turkusowe)"},"content":{"rendered":"<p>Nasze r\u0119czniki wykonane s\u0105 z naturalnej bawe\u0142ny 100%, kt\u00f3ra zapewnia maksymalny komfort i trwa\u0142o\u015b\u0107.<\/p>\n<p>Zalety frotte:<br \/>\n- Wysoka g\u0119sto\u015b\u0107 i lu\u017ano\u015b\u0107 - r\u0119cznik jest mi\u0119kki, obszerny i przyjemny dla cia\u0142a.<br \/>\n- Doskona\u0142a higroskopijno\u015b\u0107 - szybko wch\u0142ania wilgo\u0107 i r\u00f3wnie szybko wysycha.<br \/>\n- Naturalna i bezpieczna - bawe\u0142na jest hipoalergiczna, odpowiednia nawet dla wra\u017cliwej sk\u00f3ry i dzieci.<br \/>\n- Odporno\u015b\u0107 na zu\u017cycie - frotte wytrzymuje wiele pra\u0144, zachowuj\u0105c sw\u00f3j kszta\u0142t i mi\u0119kko\u015b\u0107.<br \/>\n- Estetyka i kolor - jasne odcienie nie blakn\u0105 z up\u0142ywem czasu, a tkanina wygl\u0105da jak nowa przez d\u0142ugi czas.<\/p>\n<p>Zestaw zawiera:<\/p>\n<p>Trzy r\u0119czniki w rozmiarach 40\u00d760 cm, 60\u00d7100 cm, 80\u00d7160 cm<\/p>","protected":false},"excerpt":{"rendered":"<p>\u041d\u0430\u0448\u0456 \u0440\u0443\u0448\u043d\u0438\u043a\u0438 \u0432\u0438\u0433\u043e\u0442\u043e\u0432\u043b\u0435\u043d\u0456 \u0437 100% \u043d\u0430\u0442\u0443\u0440\u0430\u043b\u044c\u043d\u043e\u0457 \u0431\u0430\u0432\u043e\u0432\u043d\u0438, \u044f\u043a\u0430 \u0434\u0430\u0440\u0443\u0454 \u043c\u0430\u043a\u0441\u0438\u043c\u0430\u043b\u044c\u043d\u0438\u0439 \u043a\u043e\u043c\u0444\u043e\u0440\u0442 \u0442\u0430 \u0434\u043e\u0432\u0433\u043e\u0432\u0456\u0447\u043d\u0456\u0441\u0442\u044c. \u041f\u0435\u0440\u0435\u0432\u0430\u0433\u0438 \u043c\u0430\u0445\u0440\u0438: \u2022 \u0412\u0438\u0441\u043e\u043a\u0430 \u0449\u0456\u043b\u044c\u043d\u0456\u0441\u0442\u044c \u0442\u0430 \u043f\u0443\u0445\u043a\u0456\u0441\u0442\u044c \u2014 \u0440\u0443\u0448\u043d\u0438\u043a \u043c\u2019\u044f\u043a\u0438\u0439, \u043e\u0431\u2019\u0454\u043c\u043d\u0438\u0439 \u0456 \u043f\u0440\u0438\u0454\u043c\u043d\u0438\u0439 \u0434\u043e \u0442\u0456\u043b\u0430. \u2022 \u0412\u0456\u0434\u043c\u0456\u043d\u043d\u0430 \u0433\u0456\u0433\u0440\u043e\u0441\u043a\u043e\u043f\u0456\u0447\u043d\u0456\u0441\u0442\u044c \u2014 \u0448\u0432\u0438\u0434\u043a\u043e \u0432\u0431\u0438\u0440\u0430\u0454 \u0432\u043e\u043b\u043e\u0433\u0443 \u0442\u0430 \u0442\u0430\u043a \u0441\u0430\u043c\u043e \u0448\u0432\u0438\u0434\u043a\u043e \u0432\u0438\u0441\u0438\u0445\u0430\u0454. \u2022 \u041d\u0430\u0442\u0443\u0440\u0430\u043b\u044c\u043d\u0456\u0441\u0442\u044c \u0456 \u0431\u0435\u0437\u043f\u0435\u043a\u0430 \u2014 \u0431\u0430\u0432\u043e\u0432\u043d\u0430 \u0433\u0456\u043f\u043e\u0430\u043b\u0435\u0440\u0433\u0435\u043d\u043d\u0430, \u043f\u0456\u0434\u0445\u043e\u0434\u0438\u0442\u044c \u043d\u0430\u0432\u0456\u0442\u044c \u0434\u043b\u044f \u0447\u0443\u0442\u043b\u0438\u0432\u043e\u0457 \u0448\u043a\u0456\u0440\u0438 \u0442\u0430 \u0434\u0456\u0442\u0435\u0439. \u2022 [&hellip;]<\/p>","protected":false},"featured_media":1000415,"comment_status":"open","ping_status":"closed","template":"","meta":[],"product_brand":[],"product_cat":[59,109],"product_tag":[],"class_list":{"0":"post-1000424","1":"product","2":"type-product","3":"status-publish","4":"has-post-thumbnail","6":"product_cat-towels","7":"product_cat-109","9":"first","10":"instock","11":"sale","12":"shipping-taxable","13":"purchasable","14":"product-type-simple"},"jetpack_sharing_enabled":true,"_links":{"self":[{"href":"https:\/\/anetti.com.ua\/pl\/wp-json\/wp\/v2\/product\/1000424","targetHints":{"allow":["GET"]}}],"collection":[{"href":"https:\/\/anetti.com.ua\/pl\/wp-json\/wp\/v2\/product"}],"about":[{"href":"https:\/\/anetti.com.ua\/pl\/wp-json\/wp\/v2\/types\/product"}],"replies":[{"embeddable":true,"href":"https:\/\/anetti.com.ua\/pl\/wp-json\/wp\/v2\/comments?post=1000424"}],"wp:featuredmedia":[{"embeddable":true,"href":"https:\/\/anetti.com.ua\/pl\/wp-json\/wp\/v2\/media\/1000415"}],"wp:attachment":[{"href":"https:\/\/anetti.com.ua\/pl\/wp-json\/wp\/v2\/media?parent=1000424"}],"wp:term":[{"taxonomy":"product_brand","embeddable":true,"href":"https:\/\/anetti.com.ua\/pl\/wp-json\/wp\/v2\/product_brand?post=1000424"},{"taxonomy":"product_cat","embeddable":true,"href":"https:\/\/anetti.com.ua\/pl\/wp-json\/wp\/v2\/product_cat?post=1000424"},{"taxonomy":"product_tag","embeddable":true,"href":"https:\/\/anetti.com.ua\/pl\/wp-json\/wp\/v2\/product_tag?post=1000424"}],"curies":[{"name":"wp","href":"https:\/\/api.w.org\/{rel}","templated":true}]}}