{"id":415,"date":"2025-03-20T04:27:57","date_gmt":"2025-03-20T04:27:57","guid":{"rendered":"http:\/\/localhost\/glozin\/?page_id=415"},"modified":"2025-11-21T10:08:18","modified_gmt":"2025-11-21T10:08:18","slug":"o-nas","status":"publish","type":"page","link":"https:\/\/anetti.com.ua\/pl\/o-nas\/","title":{"rendered":"O nas"},"content":{"rendered":"<div data-elementor-type=\"wp-page\" data-elementor-id=\"415\" class=\"elementor elementor-415\" data-elementor-post-type=\"page\">\n\t\t\t\t<div class=\"elementor-element elementor-element-6fa65faf e-flex e-con-boxed glozin-responsive-column glozin-tablet-column--default glozin-responsive-column glozin-mobile-column--default e-con e-parent\" data-id=\"6fa65faf\" data-element_type=\"container\">\n\t\t\t\t\t<div class=\"e-con-inner\">\n\t\t\t\t<div class=\"elementor-element elementor-element-7a490b56 elementor-widget elementor-widget-glozin-heading\" data-id=\"7a490b56\" data-element_type=\"widget\" data-widget_type=\"glozin-heading.default\">\n\t\t\t\t<div class=\"elementor-widget-container\">\n\t\t\t\t\t\t\t<div class=\"glozin-heading-elementor\">\n\t\t\t\t<h6 class=\"glozin-heading d-flex align-items-center my-0 glozin-heading--default\">\n\t\t\t\t\tWitamy w Anetti\t\t\t\t<\/h6>\n\t\t\t<\/div>\n\t\t\t\t\t\t<\/div>\n\t\t\t\t<\/div>\n\t\t\t\t<div class=\"elementor-element elementor-element-3622e4d2 elementor-widget elementor-widget-glozin-heading\" data-id=\"3622e4d2\" data-element_type=\"widget\" data-widget_type=\"glozin-heading.default\">\n\t\t\t\t<div class=\"elementor-widget-container\">\n\t\t\t\t\t\t\t<div class=\"glozin-heading-elementor\">\n\t\t\t\t<h2 class=\"glozin-heading d-flex align-items-center my-0 glozin-heading--default\">\n\t\t\t\t\tKomfortowy sen dla ka\u017cdego\t\t\t\t<\/h2>\n\t\t\t<\/div>\n\t\t\t\t\t\t<\/div>\n\t\t\t\t<\/div>\n\t\t<div class=\"elementor-element elementor-element-eb8d17f e-con-full e-flex glozin-responsive-column glozin-tablet-column--default glozin-responsive-column glozin-mobile-column--default e-con e-child\" data-id=\"eb8d17f\" data-element_type=\"container\">\n\t\t<div class=\"elementor-element elementor-element-9d572d6 e-con-full e-flex glozin-responsive-column glozin-tablet-column--default glozin-responsive-column glozin-mobile-column--default e-con e-child\" data-id=\"9d572d6\" data-element_type=\"container\">\n\t\t\t\t<div class=\"elementor-element elementor-element-0d6186e elementor-widget elementor-widget-text-editor\" data-id=\"0d6186e\" data-element_type=\"widget\" data-widget_type=\"text-editor.default\">\n\t\t\t\t\t\t\t\t\t<div style=\"max-width: 1000px; margin: 40px auto; font-family: 'Inter', sans-serif; line-height: 1.65; color: #2b2b2b; background: #faf7f; padding: 30px 35px; border-radius: 20px; box-shadow: 0 6px 20px rgba(0,0,0,0.06);\"><div style=\"width: 60px; height: 3px; background: red; margin: 0 auto 25px; border-radius: 2px;\">\u00a0<\/div><p style=\"font-size: 15px; margin-bottom: 18px; text-align: center;\">Marka po\u015bcieli, kt\u00f3ra od ponad 5 lat tworzy wszech\u015bwiat wysokiej jako\u015bci snu dla swoich klient\u00f3w.<\/p><p style=\"font-size: 15px; margin-bottom: 22px;\">Wierzymy, \u017ce luksusowy sen jest podstaw\u0105 dobrego zdrowia, nastroju i komfortu w domu.<br \/>Dlatego ka\u017cdy z naszych zestaw\u00f3w jest przemy\u015blany w najdrobniejszych szczeg\u00f3\u0142ach.<\/p><h3 style=\"font-size: 18px; font-weight: 600; margin: 28px 0 10px; position: relative;\">Nasza misja<\/h3><div style=\"width: 40px; height: 2px; background: red; margin: 0 0 18px; border-radius: 2px;\">\u00a0<\/div><p style=\"font-size: 15px; margin-bottom: 20px;\">Aby zapewni\u0107 zdrowy sen i naprawd\u0119 przyjemne noce i poranki.<\/p><p style=\"font-size: 15px; margin-bottom: 22px;\">Do produkcji u\u017cywamy wy\u0142\u0105cznie certyfikowanych tureckich tkanin premium wykonanych z bawe\u0142ny 100%.<br \/>Oddychaj\u0105ca, przyjemna dla cia\u0142a, odporna na zu\u017cycie i doskona\u0142a regulacja termiczna.<\/p><h3 style=\"font-size: 18px; font-weight: 600; margin: 28px 0 10px;\">Produkcja w\u0142asna ANETTI.BR<\/h3><div style=\"width: 40px; height: 2px; background: red; margin: 0 0 18px; border-radius: 2px;\">\u00a0<\/div><p style=\"font-size: 15px; margin-bottom: 20px;\">My nie tylko sprzedajemy - my tworzymy Twoj\u0105 po\u015bciel.<br \/>W\u0142asna pracownia krawiecka pozwala nam spe\u0142nia\u0107 indywidualne \u017cyczenia ka\u017cdego klienta:<\/p><ul style=\"font-size: 15px; margin-left: 20px; margin-bottom: 20px; padding-left: 10px;\"><li style=\"margin-bottom: 8px;\">Dopasowanie niestandardowych rozmiar\u00f3w<\/li><li style=\"margin-bottom: 8px;\">\u0141\u0105czenie dw\u00f3ch lub wi\u0119cej kolor\u00f3w w jednym zestawie<\/li><li style=\"margin-bottom: 8px;\">Prze\u015bcierad\u0142a z gumk\u0105 dopasowuj\u0105ce si\u0119 do materaca<\/li><li style=\"margin-bottom: 8px;\">Mo\u017cliwo\u015b\u0107 zakupu pojedynczych element\u00f3w lub wymiany ca\u0142ego zestawu<\/li><li style=\"margin-bottom: 8px;\">Szycie ka\u017cdego zestawu r\u0119cznie z kontrol\u0105 jako\u015bci na ka\u017cdym etapie<\/li><\/ul><\/div>\t\t\t\t\t\t\t\t<\/div>\n\t\t\t\t<\/div>\n\t\t<div class=\"elementor-element elementor-element-57244cf e-con-full e-flex glozin-responsive-column glozin-tablet-column--default glozin-responsive-column glozin-mobile-column--default e-con e-child\" data-id=\"57244cf\" data-element_type=\"container\">\n\t\t\t\t<div class=\"elementor-element elementor-element-b2f1c42 elementor-widget elementor-widget-image\" data-id=\"b2f1c42\" data-element_type=\"widget\" data-widget_type=\"image.default\">\n\t\t\t\t\t\t\t\t\t\t\t\t\t\t\t<img fetchpriority=\"high\" decoding=\"async\" width=\"768\" height=\"1024\" src=\"https:\/\/anetti.com.ua\/wp-content\/uploads\/2025\/11\/IMG_1748-768x1024.jpg\" class=\"attachment-large size-large wp-image-1002939\" alt=\"\" srcset=\"https:\/\/anetti.com.ua\/wp-content\/uploads\/2025\/11\/IMG_1748-768x1024.jpg 768w, https:\/\/anetti.com.ua\/wp-content\/uploads\/2025\/11\/IMG_1748-225x300.jpg 225w, https:\/\/anetti.com.ua\/wp-content\/uploads\/2025\/11\/IMG_1748-1152x1536.jpg 1152w, https:\/\/anetti.com.ua\/wp-content\/uploads\/2025\/11\/IMG_1748-1536x2048.jpg 1536w, https:\/\/anetti.com.ua\/wp-content\/uploads\/2025\/11\/IMG_1748-9x12.jpg 9w, https:\/\/anetti.com.ua\/wp-content\/uploads\/2025\/11\/IMG_1748-400x533.jpg 400w, https:\/\/anetti.com.ua\/wp-content\/uploads\/2025\/11\/IMG_1748-600x800.jpg 600w, https:\/\/anetti.com.ua\/wp-content\/uploads\/2025\/11\/IMG_1748-scaled-130x173.jpg 130w, https:\/\/anetti.com.ua\/wp-content\/uploads\/2025\/11\/IMG_1748-scaled.jpg 1920w\" sizes=\"(max-width: 768px) 100vw, 768px\" \/>\t\t\t\t\t\t\t\t\t\t\t\t\t\t\t<\/div>\n\t\t\t\t<\/div>\n\t\t\t\t<\/div>\n\t\t\t\t\t<\/div>\n\t\t\t\t<\/div>\n\t\t<div class=\"elementor-element elementor-element-4761f3ad e-flex e-con-boxed glozin-responsive-column glozin-tablet-column--default glozin-responsive-column glozin-mobile-column--default e-con e-parent\" data-id=\"4761f3ad\" data-element_type=\"container\">\n\t\t\t\t\t<div class=\"e-con-inner\">\n\t\t<div class=\"elementor-element elementor-element-189eebb4 e-con-full e-flex glozin-responsive-column glozin-tablet-column--default glozin-responsive-column glozin-mobile-column--default e-con e-child\" data-id=\"189eebb4\" data-element_type=\"container\">\n\t\t\t\t<div class=\"elementor-element elementor-element-6ef92c66 elementor-widget elementor-widget-glozin-counter\" data-id=\"6ef92c66\" data-element_type=\"widget\" data-widget_type=\"glozin-counter.default\">\n\t\t\t\t<div class=\"elementor-widget-container\">\n\t\t\t\t\t\t\t<div class=\"glozin-counter\">\n\t\t\t<div class=\"glozin-counter__number-wrapper fs-36 fw-medium d-flex justify-content-center lh-1 text-dark\">\n\t\t\t\t\t\t\t\t<span class=\"glozin-counter__number\" data-duration=\"2000\" data-to-value=\"15000\" data-from-value=\"0\" data-delimiter=\",\">0<\/span>\n\t\t\t\t\t\t\t\t\t<span class=\"glozin-counter__number-suffix text-pre-wrap text-left ms-7\">+<\/span>\n\t\t\t\t\t\t\t<\/div>\n\t\t<\/div>\n\t\t\t\t\t\t<\/div>\n\t\t\t\t<\/div>\n\t\t\t\t<div class=\"elementor-element elementor-element-5e1682d3 elementor-widget elementor-widget-glozin-heading\" data-id=\"5e1682d3\" data-element_type=\"widget\" data-widget_type=\"glozin-heading.default\">\n\t\t\t\t<div class=\"elementor-widget-container\">\n\t\t\t\t\t\t\t<div class=\"glozin-heading-elementor\">\n\t\t\t\t<h5 class=\"glozin-heading d-flex align-items-center my-0 glozin-heading--default\">\n\t\t\t\t\tSprzedawane zestawy\t\t\t\t<\/h5>\n\t\t\t<\/div>\n\t\t\t\t\t\t<\/div>\n\t\t\t\t<\/div>\n\t\t\t\t<div class=\"elementor-element elementor-element-3dc92f06 elementor-widget elementor-widget-glozin-heading\" data-id=\"3dc92f06\" data-element_type=\"widget\" data-widget_type=\"glozin-heading.default\">\n\t\t\t\t<div class=\"elementor-widget-container\">\n\t\t\t\t\t\t\t<div class=\"glozin-heading-elementor\">\n\t\t\t\t<div class=\"glozin-heading d-flex align-items-center my-0 glozin-heading--default\">\n\t\t\t\t\tPomogli\u015bmy tysi\u0105com klient\u00f3w uczyni\u0107 ich sen bardziej komfortowym i przytulnym.\t\t\t\t<\/div>\n\t\t\t<\/div>\n\t\t\t\t\t\t<\/div>\n\t\t\t\t<\/div>\n\t\t\t\t<\/div>\n\t\t<div class=\"elementor-element elementor-element-19eff3c8 e-con-full e-flex glozin-responsive-column glozin-tablet-column--default glozin-responsive-column glozin-mobile-column--default e-con e-child\" data-id=\"19eff3c8\" data-element_type=\"container\">\n\t\t\t\t<div class=\"elementor-element elementor-element-6fad0539 elementor-widget elementor-widget-glozin-counter\" data-id=\"6fad0539\" data-element_type=\"widget\" data-widget_type=\"glozin-counter.default\">\n\t\t\t\t<div class=\"elementor-widget-container\">\n\t\t\t\t\t\t\t<div class=\"glozin-counter\">\n\t\t\t<div class=\"glozin-counter__number-wrapper fs-36 fw-medium d-flex justify-content-center lh-1 text-dark\">\n\t\t\t\t\t\t\t\t<span class=\"glozin-counter__number\" data-duration=\"2000\" data-to-value=\"5\" data-from-value=\"0\" data-delimiter=\",\">0<\/span>\n\t\t\t\t\t\t\t\t\t<span class=\"glozin-counter__number-suffix text-pre-wrap text-left ms-7\">+<\/span>\n\t\t\t\t\t\t\t<\/div>\n\t\t<\/div>\n\t\t\t\t\t\t<\/div>\n\t\t\t\t<\/div>\n\t\t\t\t<div class=\"elementor-element elementor-element-3f0749ef elementor-widget elementor-widget-glozin-heading\" data-id=\"3f0749ef\" data-element_type=\"widget\" data-widget_type=\"glozin-heading.default\">\n\t\t\t\t<div class=\"elementor-widget-container\">\n\t\t\t\t\t\t\t<div class=\"glozin-heading-elementor\">\n\t\t\t\t<h5 class=\"glozin-heading d-flex align-items-center my-0 glozin-heading--default\">\n\t\t\t\t\tLata do\u015bwiadczenia na rynku\t\t\t\t<\/h5>\n\t\t\t<\/div>\n\t\t\t\t\t\t<\/div>\n\t\t\t\t<\/div>\n\t\t\t\t<div class=\"elementor-element elementor-element-42117ebe elementor-widget elementor-widget-glozin-heading\" data-id=\"42117ebe\" data-element_type=\"widget\" data-widget_type=\"glozin-heading.default\">\n\t\t\t\t<div class=\"elementor-widget-container\">\n\t\t\t\t\t\t\t<div class=\"glozin-heading-elementor\">\n\t\t\t\t<div class=\"glozin-heading d-flex align-items-center my-0 glozin-heading--default\">\n\t\t\t\t\tOd ponad dekady specjalizujemy si\u0119 w produkcji wysokiej jako\u015bci po\u015bcieli do domu.\t\t\t\t<\/div>\n\t\t\t<\/div>\n\t\t\t\t\t\t<\/div>\n\t\t\t\t<\/div>\n\t\t\t\t<\/div>\n\t\t<div class=\"elementor-element elementor-element-294ef517 e-con-full e-flex glozin-responsive-column glozin-tablet-column--default glozin-responsive-column glozin-mobile-column--default e-con e-child\" data-id=\"294ef517\" data-element_type=\"container\">\n\t\t\t\t<div class=\"elementor-element elementor-element-c991511 elementor-widget elementor-widget-glozin-counter\" data-id=\"c991511\" data-element_type=\"widget\" data-widget_type=\"glozin-counter.default\">\n\t\t\t\t<div class=\"elementor-widget-container\">\n\t\t\t\t\t\t\t<div class=\"glozin-counter\">\n\t\t\t<div class=\"glozin-counter__number-wrapper fs-36 fw-medium d-flex justify-content-center lh-1 text-dark\">\n\t\t\t\t\t\t\t\t<span class=\"glozin-counter__number\" data-duration=\"2000\" data-to-value=\"100\" data-from-value=\"0\" data-delimiter=\",\">0<\/span>\n\t\t\t\t\t\t\t\t\t<span class=\"glozin-counter__number-suffix text-pre-wrap text-left ms-7\">%<\/span>\n\t\t\t\t\t\t\t<\/div>\n\t\t<\/div>\n\t\t\t\t\t\t<\/div>\n\t\t\t\t<\/div>\n\t\t\t\t<div class=\"elementor-element elementor-element-20afc68a elementor-widget elementor-widget-glozin-heading\" data-id=\"20afc68a\" data-element_type=\"widget\" data-widget_type=\"glozin-heading.default\">\n\t\t\t\t<div class=\"elementor-widget-container\">\n\t\t\t\t\t\t\t<div class=\"glozin-heading-elementor\">\n\t\t\t\t<h5 class=\"glozin-heading d-flex align-items-center my-0 glozin-heading--default\">\n\t\t\t\t\tZadowoleni klienci\t\t\t\t<\/h5>\n\t\t\t<\/div>\n\t\t\t\t\t\t<\/div>\n\t\t\t\t<\/div>\n\t\t\t\t<div class=\"elementor-element elementor-element-4cffbae elementor-widget elementor-widget-glozin-heading\" data-id=\"4cffbae\" data-element_type=\"widget\" data-widget_type=\"glozin-heading.default\">\n\t\t\t\t<div class=\"elementor-widget-container\">\n\t\t\t\t\t\t\t<div class=\"glozin-heading-elementor\">\n\t\t\t\t<div class=\"glozin-heading d-flex align-items-center my-0 glozin-heading--default\">\n\t\t\t\t\tKa\u017cdy zestaw po\u015bcieli spe\u0142nia nasze wysokie standardy jako\u015bci i zapewnia komfort podczas nocy.\t\t\t\t<\/div>\n\t\t\t<\/div>\n\t\t\t\t\t\t<\/div>\n\t\t\t\t<\/div>\n\t\t\t\t<\/div>\n\t\t\t\t\t<\/div>\n\t\t\t\t<\/div>\n\t\t<div class=\"elementor-element elementor-element-45d89174 e-flex e-con-boxed glozin-responsive-column glozin-tablet-column--default glozin-responsive-column glozin-mobile-column--default e-con e-parent\" data-id=\"45d89174\" data-element_type=\"container\">\n\t\t\t\t\t<div class=\"e-con-inner\">\n\t\t\t\t<div class=\"elementor-element elementor-element-b10e564 elementor-widget-divider--view-line elementor-widget elementor-widget-divider\" data-id=\"b10e564\" data-element_type=\"widget\" data-widget_type=\"divider.default\">\n\t\t\t\t\t\t\t<div class=\"elementor-divider\">\n\t\t\t<span class=\"elementor-divider-separator\">\n\t\t\t\t\t\t<\/span>\n\t\t<\/div>\n\t\t\t\t\t\t<\/div>\n\t\t\t\t\t<\/div>\n\t\t\t\t<\/div>\n\t\t<div class=\"elementor-element elementor-element-3b7dca09 e-flex e-con-boxed glozin-responsive-column glozin-tablet-column--default glozin-responsive-column glozin-mobile-column--default e-con e-parent\" data-id=\"3b7dca09\" data-element_type=\"container\">\n\t\t\t\t\t<div class=\"e-con-inner\">\n\t\t\t\t<div class=\"elementor-element elementor-element-491a5b5c elementor-widget-divider--view-line elementor-widget elementor-widget-divider\" data-id=\"491a5b5c\" data-element_type=\"widget\" data-widget_type=\"divider.default\">\n\t\t\t\t\t\t\t<div class=\"elementor-divider\">\n\t\t\t<span class=\"elementor-divider-separator\">\n\t\t\t\t\t\t<\/span>\n\t\t<\/div>\n\t\t\t\t\t\t<\/div>\n\t\t\t\t\t<\/div>\n\t\t\t\t<\/div>\n\t\t<div class=\"elementor-element elementor-element-2f2f017 e-flex e-con-boxed glozin-responsive-column glozin-tablet-column--default glozin-responsive-column glozin-mobile-column--default e-con e-parent\" data-id=\"2f2f017\" data-element_type=\"container\">\n\t\t\t\t\t<div class=\"e-con-inner\">\n\t\t\t\t<div class=\"elementor-element elementor-element-b72645f elementor-widget elementor-widget-glozin-heading\" data-id=\"b72645f\" data-element_type=\"widget\" data-widget_type=\"glozin-heading.default\">\n\t\t\t\t<div class=\"elementor-widget-container\">\n\t\t\t\t\t\t\t<div class=\"glozin-heading-elementor\">\n\t\t\t\t<h2 class=\"glozin-heading d-flex align-items-center my-0 glozin-heading--default\">\n\t\t\t\t\tOpinie klient\u00f3w!\t\t\t\t<\/h2>\n\t\t\t<\/div>\n\t\t\t\t\t\t<\/div>\n\t\t\t\t<\/div>\n\t\t\t\t<div class=\"elementor-element elementor-element-f183aac elementor-widget elementor-widget-glozin-heading\" data-id=\"f183aac\" data-element_type=\"widget\" data-widget_type=\"glozin-heading.default\">\n\t\t\t\t<div class=\"elementor-widget-container\">\n\t\t\t\t\t\t\t<div class=\"glozin-heading-elementor\">\n\t\t\t\t<div class=\"glozin-heading d-flex align-items-center my-0 glozin-heading--default\">\n\t\t\t\t\tNasi klienci uwielbiaj\u0105 nasze produkty, a my zawsze staramy si\u0119 zadowoli\u0107 ka\u017cdego z nich.\t\t\t\t<\/div>\n\t\t\t<\/div>\n\t\t\t\t\t\t<\/div>\n\t\t\t\t<\/div>\n\t\t\t\t<div class=\"elementor-element elementor-element-404a9b6 elementor-arrows-position-inside elementor-pagination-position-outside elementor-widget elementor-widget-image-carousel\" data-id=\"404a9b6\" data-element_type=\"widget\" data-settings=\"{&quot;autoplay_speed&quot;:2000,&quot;navigation&quot;:&quot;both&quot;,&quot;autoplay&quot;:&quot;yes&quot;,&quot;pause_on_hover&quot;:&quot;yes&quot;,&quot;pause_on_interaction&quot;:&quot;yes&quot;,&quot;infinite&quot;:&quot;yes&quot;,&quot;speed&quot;:500,&quot;image_spacing_custom&quot;:{&quot;unit&quot;:&quot;px&quot;,&quot;size&quot;:20,&quot;sizes&quot;:[]},&quot;image_spacing_custom_tablet&quot;:{&quot;unit&quot;:&quot;px&quot;,&quot;size&quot;:&quot;&quot;,&quot;sizes&quot;:[]},&quot;image_spacing_custom_mobile&quot;:{&quot;unit&quot;:&quot;px&quot;,&quot;size&quot;:&quot;&quot;,&quot;sizes&quot;:[]}}\" data-widget_type=\"image-carousel.default\">\n\t\t\t\t\t\t\t<div class=\"elementor-image-carousel-wrapper swiper\" role=\"region\" aria-roledescription=\"carousel\" aria-label=\"Karuzela obraz\u00f3w\" dir=\"ltr\">\n\t\t\t<div class=\"elementor-image-carousel swiper-wrapper\" aria-live=\"off\">\n\t\t\t\t\t\t\t\t<div class=\"swiper-slide\" role=\"group\" aria-roledescription=\"slide\" aria-label=\"1 \u0437 9\"><figure class=\"swiper-slide-inner\"><img decoding=\"async\" class=\"swiper-slide-image\" src=\"https:\/\/anetti.com.ua\/wp-content\/uploads\/2025\/11\/IMG_2355.jpg\" alt=\"IMG_2355\" \/><\/figure><\/div><div class=\"swiper-slide\" role=\"group\" aria-roledescription=\"slide\" aria-label=\"2 \u0437 9\"><figure class=\"swiper-slide-inner\"><img decoding=\"async\" class=\"swiper-slide-image\" src=\"https:\/\/anetti.com.ua\/wp-content\/uploads\/2025\/11\/IMG_2356.jpg\" alt=\"IMG_2356\" \/><\/figure><\/div><div class=\"swiper-slide\" role=\"group\" aria-roledescription=\"slide\" aria-label=\"3 \u0437 9\"><figure class=\"swiper-slide-inner\"><img decoding=\"async\" class=\"swiper-slide-image\" src=\"https:\/\/anetti.com.ua\/wp-content\/uploads\/2025\/11\/IMG_2357.jpg\" alt=\"IMG_2357\" \/><\/figure><\/div><div class=\"swiper-slide\" role=\"group\" aria-roledescription=\"slide\" aria-label=\"4 \u0437 9\"><figure class=\"swiper-slide-inner\"><img decoding=\"async\" class=\"swiper-slide-image\" src=\"https:\/\/anetti.com.ua\/wp-content\/uploads\/2025\/11\/IMG_2359.jpg\" alt=\"IMG_2359\" \/><\/figure><\/div><div class=\"swiper-slide\" role=\"group\" aria-roledescription=\"slide\" aria-label=\"5 \u0437 9\"><figure class=\"swiper-slide-inner\"><img decoding=\"async\" class=\"swiper-slide-image\" src=\"https:\/\/anetti.com.ua\/wp-content\/uploads\/2025\/11\/IMG_2360.jpg\" alt=\"IMG_2360\" \/><\/figure><\/div><div class=\"swiper-slide\" role=\"group\" aria-roledescription=\"slide\" aria-label=\"6 \u0437 9\"><figure class=\"swiper-slide-inner\"><img decoding=\"async\" class=\"swiper-slide-image\" src=\"https:\/\/anetti.com.ua\/wp-content\/uploads\/2025\/11\/IMG_2361.jpg\" alt=\"IMG_2361\" \/><\/figure><\/div><div class=\"swiper-slide\" role=\"group\" aria-roledescription=\"slide\" aria-label=\"7 \u0437 9\"><figure class=\"swiper-slide-inner\"><img decoding=\"async\" class=\"swiper-slide-image\" src=\"https:\/\/anetti.com.ua\/wp-content\/uploads\/2025\/11\/IMG_2362.jpg\" alt=\"IMG_2362\" \/><\/figure><\/div><div class=\"swiper-slide\" role=\"group\" aria-roledescription=\"slide\" aria-label=\"8 \u0437 9\"><figure class=\"swiper-slide-inner\"><img decoding=\"async\" class=\"swiper-slide-image\" src=\"https:\/\/anetti.com.ua\/wp-content\/uploads\/2025\/11\/IMG_2363.jpg\" alt=\"IMG_2363\" \/><\/figure><\/div><div class=\"swiper-slide\" role=\"group\" aria-roledescription=\"slide\" aria-label=\"9 \u0437 9\"><figure class=\"swiper-slide-inner\"><img decoding=\"async\" class=\"swiper-slide-image\" src=\"https:\/\/anetti.com.ua\/wp-content\/uploads\/2025\/11\/IMG_2364.jpg\" alt=\"IMG_2364\" \/><\/figure><\/div>\t\t\t<\/div>\n\t\t\t\t\t\t\t\t\t\t\t\t<div class=\"elementor-swiper-button elementor-swiper-button-prev\" role=\"button\" tabindex=\"0\">\n\t\t\t\t\t\t<svg aria-hidden=\"true\" class=\"e-font-icon-svg e-eicon-chevron-left\" viewbox=\"0 0 1000 1000\" xmlns=\"http:\/\/www.w3.org\/2000\/svg\"><path d=\"M646 125C629 125 613 133 604 142L308 442C296 454 292 471 292 487 292 504 296 521 308 533L604 854C617 867 629 875 646 875 663 875 679 871 692 858 704 846 713 829 713 812 713 796 708 779 692 767L438 487 692 225C700 217 708 204 708 187 708 171 704 154 692 142 675 129 663 125 646 125Z\"><\/path><\/svg>\t\t\t\t\t<\/div>\n\t\t\t\t\t<div class=\"elementor-swiper-button elementor-swiper-button-next\" role=\"button\" tabindex=\"0\">\n\t\t\t\t\t\t<svg aria-hidden=\"true\" class=\"e-font-icon-svg e-eicon-chevron-right\" viewbox=\"0 0 1000 1000\" xmlns=\"http:\/\/www.w3.org\/2000\/svg\"><path d=\"M696 533C708 521 713 504 713 487 713 471 708 454 696 446L400 146C388 133 375 125 354 125 338 125 325 129 313 142 300 154 292 171 292 187 292 204 296 221 308 233L563 492 304 771C292 783 288 800 288 817 288 833 296 850 308 863 321 871 338 875 354 875 371 875 388 867 400 854L696 533Z\"><\/path><\/svg>\t\t\t\t\t<\/div>\n\t\t\t\t\n\t\t\t\t\t\t\t\t\t<div class=\"swiper-pagination\"><\/div>\n\t\t\t\t\t\t\t\t\t<\/div>\n\t\t\t\t\t\t<\/div>\n\t\t\t\t\t<\/div>\n\t\t\t\t<\/div>\n\t\t\t\t<\/div>","protected":false},"excerpt":{"rendered":"<p>\u0412\u0456\u0442\u0430\u0454\u043c\u043e \u0432 Anetti \u041a\u043e\u043c\u0444\u043e\u0440\u0442\u043d\u0438\u0439 \u0441\u043e\u043d \u0434\u043b\u044f \u0432\u0441\u0456\u0445 \u00a0 \u0411\u0440\u0435\u043d\u0434 \u043f\u043e\u0441\u0442\u0456\u043b\u044c\u043d\u043e\u0457 \u0431\u0456\u043b\u0438\u0437\u043d\u0438, \u044f\u043a\u0438\u0439 \u0443\u0436\u0435 \u043f\u043e\u043d\u0430\u0434 5 \u0440\u043e\u043a\u0456\u0432 \u0441\u0442\u0432\u043e\u0440\u044e\u0454 \u0434\u043b\u044f \u0441\u0432\u043e\u0457\u0445 \u043a\u043b\u0456\u0454\u043d\u0442\u0456\u0432 \u0432\u0441\u0435\u0441\u0432\u0456\u0442 \u044f\u043a\u0456\u0441\u043d\u043e\u0433\u043e \u0441\u043d\u0443. \u041c\u0438 \u0432\u0456\u0440\u0438\u043c\u043e, \u0449\u043e \u0440\u043e\u0437\u043a\u0456\u0448\u043d\u0438\u0439 \u0441\u043e\u043d \u2014 \u0446\u0435 \u043e\u0441\u043d\u043e\u0432\u0430 \u0433\u0430\u0440\u043d\u043e\u0433\u043e \u0441\u0430\u043c\u043e\u043f\u043e\u0447\u0443\u0442\u0442\u044f, \u043d\u0430\u0441\u0442\u0440\u043e\u044e \u0442\u0430 \u043a\u043e\u043c\u0444\u043e\u0440\u0442\u0443 \u0432\u0434\u043e\u043c\u0430.\u0421\u0430\u043c\u0435 \u0442\u043e\u043c\u0443 \u043a\u043e\u0436\u0435\u043d \u043d\u0430\u0448 \u043a\u043e\u043c\u043f\u043b\u0435\u043a\u0442 \u043f\u0440\u043e\u0434\u0443\u043c\u0430\u043d\u0438\u0439 \u0434\u043e \u0434\u0440\u0456\u0431\u043d\u0438\u0446\u044c. \u041d\u0430\u0448\u0430 \u043c\u0456\u0441\u0456\u044f \u00a0 \u0414\u0430\u0440\u0443\u0432\u0430\u0442\u0438 \u0432\u0430\u043c \u0437\u0434\u043e\u0440\u043e\u0432\u0438\u0439 \u0441\u043e\u043d \u0456 \u043f\u043e-\u0441\u043f\u0440\u0430\u0432\u0436\u043d\u044c\u043e\u043c\u0443 \u043f\u0440\u0438\u0454\u043c\u043d\u0456 \u043d\u043e\u0447\u0456 [&hellip;]<\/p>","protected":false},"author":1,"featured_media":0,"parent":0,"menu_order":0,"comment_status":"closed","ping_status":"closed","template":"","meta":{"footnotes":""},"class_list":["post-415","page","type-page","status-publish","hentry"],"jetpack_sharing_enabled":true,"_links":{"self":[{"href":"https:\/\/anetti.com.ua\/pl\/wp-json\/wp\/v2\/pages\/415","targetHints":{"allow":["GET"]}}],"collection":[{"href":"https:\/\/anetti.com.ua\/pl\/wp-json\/wp\/v2\/pages"}],"about":[{"href":"https:\/\/anetti.com.ua\/pl\/wp-json\/wp\/v2\/types\/page"}],"author":[{"embeddable":true,"href":"https:\/\/anetti.com.ua\/pl\/wp-json\/wp\/v2\/users\/1"}],"replies":[{"embeddable":true,"href":"https:\/\/anetti.com.ua\/pl\/wp-json\/wp\/v2\/comments?post=415"}],"version-history":[{"count":221,"href":"https:\/\/anetti.com.ua\/pl\/wp-json\/wp\/v2\/pages\/415\/revisions"}],"predecessor-version":[{"id":1003487,"href":"https:\/\/anetti.com.ua\/pl\/wp-json\/wp\/v2\/pages\/415\/revisions\/1003487"}],"wp:attachment":[{"href":"https:\/\/anetti.com.ua\/pl\/wp-json\/wp\/v2\/media?parent=415"}],"curies":[{"name":"wp","href":"https:\/\/api.w.org\/{rel}","templated":true}]}}