{"id":3088,"date":"2025-04-22T08:43:27","date_gmt":"2025-04-22T08:43:27","guid":{"rendered":"https:\/\/wpglozin.com\/decor\/?page_id=10"},"modified":"2025-11-03T10:40:59","modified_gmt":"2025-11-03T10:40:59","slug":"platnosc-i-dostawa","status":"publish","type":"page","link":"https:\/\/anetti.com.ua\/pl\/platnosc-i-dostawa\/","title":{"rendered":"P\u0142atno\u015b\u0107 i dostawa"},"content":{"rendered":"<div data-elementor-type=\"wp-page\" data-elementor-id=\"3088\" class=\"elementor elementor-3088\" data-elementor-post-type=\"page\">\n\t\t\t\t<div class=\"elementor-element elementor-element-0286dd2 e-flex e-con-boxed glozin-responsive-column glozin-tablet-column--default glozin-responsive-column glozin-mobile-column--default e-con e-parent\" data-id=\"0286dd2\" data-element_type=\"container\">\n\t\t\t\t\t<div class=\"e-con-inner\">\n\t\t\t\t<div class=\"elementor-element elementor-element-746776b elementor-widget elementor-widget-text-editor\" data-id=\"746776b\" data-element_type=\"widget\" data-widget_type=\"text-editor.default\">\n\t\t\t\t\t\t\t\t\t<p><b>P\u0142atno\u015b\u0107.<\/b><b><\/b><\/p><p>Pe\u0142na p\u0142atno\u015b\u0107 na konto bankowe lub za pobraniem z przedp\u0142at\u0105 <b>700 UAH<\/b>.<\/p><p><b>Wysy\u0142ka<\/b><b><\/b><\/p><p>Dostawa jest realizowana przez serwis <b>Nowa poczta<\/b> podczas <b>1-8 dni roboczych<\/b> po dokonaniu p\u0142atno\u015bci.<\/p><p>Zam\u00f3wienia z\u0142o\u017cone w weekendy (sobota-niedziela) s\u0105 akceptowane, ale zostan\u0105 wys\u0142ane nast\u0119pnego dnia roboczego.<\/p><p><b>Okres trwa\u0142o\u015bci<\/b><b><\/b><\/p><p>Przesy\u0142ka jest przechowywana w oddziale Nova Poshta przez okres <b>7 dni<\/b>.<\/p><p>Po tym okresie jest ona automatycznie zwracana do nadawcy.<\/p><p><!-- \/wp:paragraph --><\/p>\t\t\t\t\t\t\t\t<\/div>\n\t\t\t\t\t<\/div>\n\t\t\t\t<\/div>\n\t\t\t\t<\/div>","protected":false},"excerpt":{"rendered":"<p>\u041e\u043f\u043b\u0430\u0442\u0430 \u041f\u043e\u0432\u043d\u0430 \u043e\u043f\u043b\u0430\u0442\u0430 \u043d\u0430 \u0431\u0430\u043d\u043a\u0456\u0432\u0441\u044c\u043a\u0438\u0439 \u0440\u0430\u0445\u0443\u043d\u043e\u043a \u0430\u0431\u043e \u043d\u0430\u043a\u043b\u0430\u0434\u043d\u0438\u0439 \u043f\u043b\u0430\u0442\u0456\u0436 \u0456\u0437 \u043f\u0435\u0440\u0435\u0434\u043e\u043f\u043b\u0430\u0442\u043e\u044e 700 \u0433\u0440\u043d. \u0412\u0456\u0434\u043f\u0440\u0430\u0432\u043a\u0430 \u0414\u043e\u0441\u0442\u0430\u0432\u043a\u0430 \u0437\u0434\u0456\u0439\u0441\u043d\u044e\u0454\u0442\u044c\u0441\u044f \u0441\u043b\u0443\u0436\u0431\u043e\u044e \u041d\u043e\u0432\u0430 \u043f\u043e\u0448\u0442\u0430 \u0443\u043f\u0440\u043e\u0434\u043e\u0432\u0436 1\u20138 \u0440\u043e\u0431\u043e\u0447\u0438\u0445 \u0434\u043d\u0456\u0432 \u043f\u0456\u0441\u043b\u044f \u043e\u043f\u043b\u0430\u0442\u0438. \u0417\u0430\u043c\u043e\u0432\u043b\u0435\u043d\u043d\u044f \u0443 \u0432\u0438\u0445\u0456\u0434\u043d\u0456 (\u0441\u0443\u0431\u043e\u0442\u0430\u2013\u043d\u0435\u0434\u0456\u043b\u044f) \u043f\u0440\u0438\u0439\u043c\u0430\u044e\u0442\u044c\u0441\u044f, \u0430\u043b\u0435 \u0432\u0456\u0434\u043f\u0440\u0430\u0432\u043b\u044f\u044e\u0442\u044c\u0441\u044f \u0443 \u043d\u0430\u0439\u0431\u043b\u0438\u0436\u0447\u0438\u0439 \u0440\u043e\u0431\u043e\u0447\u0438\u0439 \u0434\u0435\u043d\u044c. \u0422\u0435\u0440\u043c\u0456\u043d \u0437\u0431\u0435\u0440\u0456\u0433\u0430\u043d\u043d\u044f \u041f\u043e\u0441\u0438\u043b\u043a\u0430 \u0437\u0431\u0435\u0440\u0456\u0433\u0430\u0454\u0442\u044c\u0441\u044f \u0443 \u0432\u0456\u0434\u0434\u0456\u043b\u0435\u043d\u043d\u0456 \u041d\u043e\u0432\u043e\u0457 \u043f\u043e\u0448\u0442\u0438 \u043f\u0440\u043e\u0442\u044f\u0433\u043e\u043c 7 \u0434\u043d\u0456\u0432. \u041f\u0456\u0441\u043b\u044f \u0437\u0430\u043a\u0456\u043d\u0447\u0435\u043d\u043d\u044f \u0446\u044c\u043e\u0433\u043e \u0442\u0435\u0440\u043c\u0456\u043d\u0443 \u0432\u0456\u0434\u0431\u0443\u0432\u0430\u0454\u0442\u044c\u0441\u044f \u0430\u0432\u0442\u043e\u043c\u0430\u0442\u0438\u0447\u043d\u0435 \u043f\u043e\u0432\u0435\u0440\u043d\u0435\u043d\u043d\u044f \u0432\u0456\u0434\u043f\u0440\u0430\u0432\u043d\u0438\u043a\u0443.<\/p>","protected":false},"author":1,"featured_media":0,"parent":0,"menu_order":0,"comment_status":"closed","ping_status":"closed","template":"","meta":{"footnotes":""},"class_list":["post-3088","page","type-page","status-publish","hentry"],"jetpack_sharing_enabled":true,"_links":{"self":[{"href":"https:\/\/anetti.com.ua\/pl\/wp-json\/wp\/v2\/pages\/3088","targetHints":{"allow":["GET"]}}],"collection":[{"href":"https:\/\/anetti.com.ua\/pl\/wp-json\/wp\/v2\/pages"}],"about":[{"href":"https:\/\/anetti.com.ua\/pl\/wp-json\/wp\/v2\/types\/page"}],"author":[{"embeddable":true,"href":"https:\/\/anetti.com.ua\/pl\/wp-json\/wp\/v2\/users\/1"}],"replies":[{"embeddable":true,"href":"https:\/\/anetti.com.ua\/pl\/wp-json\/wp\/v2\/comments?post=3088"}],"version-history":[{"count":9,"href":"https:\/\/anetti.com.ua\/pl\/wp-json\/wp\/v2\/pages\/3088\/revisions"}],"predecessor-version":[{"id":1000367,"href":"https:\/\/anetti.com.ua\/pl\/wp-json\/wp\/v2\/pages\/3088\/revisions\/1000367"}],"wp:attachment":[{"href":"https:\/\/anetti.com.ua\/pl\/wp-json\/wp\/v2\/media?parent=3088"}],"curies":[{"name":"wp","href":"https:\/\/api.w.org\/{rel}","templated":true}]}}